{"id":4387,"date":"2017-12-17T06:31:19","date_gmt":"2017-12-17T06:31:19","guid":{"rendered":"https:\/\/oxxo.iamgloria.com\/index.php\/home\/"},"modified":"2023-10-26T20:39:04","modified_gmt":"2023-10-26T20:39:04","slug":"home","status":"publish","type":"page","link":"https:\/\/oxxo.iamgloria.com\/","title":{"rendered":"Home"},"content":{"rendered":"<style>.elementor-image-gallery .gallery-item{display:inline-block;text-align:center;vertical-align:top;width:100%;max-width:100%;margin:0 auto}.elementor-image-gallery .gallery-item img{margin:0 auto}.elementor-image-gallery .gallery-item .gallery-caption{margin:0}.elementor-image-gallery figure img{display:block}.elementor-image-gallery figure figcaption{width:100%}.gallery-spacing-custom .elementor-image-gallery .gallery-icon{padding:0}@media (min-width:768px){.elementor-image-gallery .gallery-columns-2 .gallery-item{max-width:50%}.elementor-image-gallery .gallery-columns-3 .gallery-item{max-width:33.33%}.elementor-image-gallery .gallery-columns-4 .gallery-item{max-width:25%}.elementor-image-gallery .gallery-columns-5 .gallery-item{max-width:20%}.elementor-image-gallery .gallery-columns-6 .gallery-item{max-width:16.666%}.elementor-image-gallery .gallery-columns-7 .gallery-item{max-width:14.28%}.elementor-image-gallery .gallery-columns-8 .gallery-item{max-width:12.5%}.elementor-image-gallery .gallery-columns-9 .gallery-item{max-width:11.11%}.elementor-image-gallery .gallery-columns-10 .gallery-item{max-width:10%}}@media (min-width:480px) and (max-width:767px){.elementor-image-gallery .gallery.gallery-columns-2 .gallery-item,.elementor-image-gallery .gallery.gallery-columns-3 .gallery-item,.elementor-image-gallery .gallery.gallery-columns-4 .gallery-item,.elementor-image-gallery .gallery.gallery-columns-5 .gallery-item,.elementor-image-gallery .gallery.gallery-columns-6 .gallery-item,.elementor-image-gallery .gallery.gallery-columns-7 .gallery-item,.elementor-image-gallery .gallery.gallery-columns-8 .gallery-item,.elementor-image-gallery .gallery.gallery-columns-9 .gallery-item,.elementor-image-gallery .gallery.gallery-columns-10 .gallery-item{max-width:50%}}@media (max-width:479px){.elementor-image-gallery .gallery.gallery-columns-2 .gallery-item,.elementor-image-gallery .gallery.gallery-columns-3 .gallery-item,.elementor-image-gallery .gallery.gallery-columns-4 .gallery-item,.elementor-image-gallery .gallery.gallery-columns-5 .gallery-item,.elementor-image-gallery .gallery.gallery-columns-6 .gallery-item,.elementor-image-gallery .gallery.gallery-columns-7 .gallery-item,.elementor-image-gallery .gallery.gallery-columns-8 .gallery-item,.elementor-image-gallery .gallery.gallery-columns-9 .gallery-item,.elementor-image-gallery .gallery.gallery-columns-10 .gallery-item{max-width:100%}}<\/style>\n<figure class='gallery-item'>\n\t\t\t\t<img width=\"500\" height=\"500\" src=\"http:\/\/oxxo.iamgloria.com\/wp-content\/uploads\/2023\/10\/81f4f579146410a03c299fa245243ac5-1-1.png\" alt=\"\" decoding=\"async\" loading=\"lazy\" srcset=\"https:\/\/oxxo.iamgloria.com\/wp-content\/uploads\/2023\/10\/81f4f579146410a03c299fa245243ac5-1-1.png 500w, https:\/\/oxxo.iamgloria.com\/wp-content\/uploads\/2023\/10\/81f4f579146410a03c299fa245243ac5-1-1-300x300.png 300w, https:\/\/oxxo.iamgloria.com\/wp-content\/uploads\/2023\/10\/81f4f579146410a03c299fa245243ac5-1-1-150x150.png 150w, https:\/\/oxxo.iamgloria.com\/wp-content\/uploads\/2023\/10\/81f4f579146410a03c299fa245243ac5-1-1-100x100.png 100w\" sizes=\"(max-width: 500px) 100vw, 500px\" \/><br \/>\n\t\t\t<\/figure>\n<figure class='gallery-item'>\n\t\t\t\t<img width=\"500\" height=\"500\" src=\"http:\/\/oxxo.iamgloria.com\/wp-content\/uploads\/2023\/10\/a29ee4ce3b4eb210072f4eaed0b4022d.png\" alt=\"\" decoding=\"async\" loading=\"lazy\" srcset=\"https:\/\/oxxo.iamgloria.com\/wp-content\/uploads\/2023\/10\/a29ee4ce3b4eb210072f4eaed0b4022d.png 500w, https:\/\/oxxo.iamgloria.com\/wp-content\/uploads\/2023\/10\/a29ee4ce3b4eb210072f4eaed0b4022d-300x300.png 300w, https:\/\/oxxo.iamgloria.com\/wp-content\/uploads\/2023\/10\/a29ee4ce3b4eb210072f4eaed0b4022d-100x100.png 100w, https:\/\/oxxo.iamgloria.com\/wp-content\/uploads\/2023\/10\/a29ee4ce3b4eb210072f4eaed0b4022d-150x150.png 150w\" sizes=\"(max-width: 500px) 100vw, 500px\" \/><br \/>\n\t\t\t<\/figure>\n<figure class='gallery-item'>\n\t\t\t\t<img width=\"500\" height=\"500\" src=\"http:\/\/oxxo.iamgloria.com\/wp-content\/uploads\/2023\/10\/store_locator.png\" alt=\"\" decoding=\"async\" loading=\"lazy\" srcset=\"https:\/\/oxxo.iamgloria.com\/wp-content\/uploads\/2023\/10\/store_locator.png 500w, https:\/\/oxxo.iamgloria.com\/wp-content\/uploads\/2023\/10\/store_locator-300x300.png 300w, https:\/\/oxxo.iamgloria.com\/wp-content\/uploads\/2023\/10\/store_locator-100x100.png 100w, https:\/\/oxxo.iamgloria.com\/wp-content\/uploads\/2023\/10\/store_locator-150x150.png 150w\" sizes=\"(max-width: 500px) 100vw, 500px\" \/><br \/>\n\t\t\t<\/figure>\n<style>.elementor-widget-image-box .elementor-image-box-content{width:100%}@media (min-width:768px){.elementor-widget-image-box.elementor-position-left .elementor-image-box-wrapper,.elementor-widget-image-box.elementor-position-right .elementor-image-box-wrapper{display:flex}.elementor-widget-image-box.elementor-position-right .elementor-image-box-wrapper{text-align:right;flex-direction:row-reverse}.elementor-widget-image-box.elementor-position-left .elementor-image-box-wrapper{text-align:left;flex-direction:row}.elementor-widget-image-box.elementor-position-top .elementor-image-box-img{margin:auto}.elementor-widget-image-box.elementor-vertical-align-top .elementor-image-box-wrapper{align-items:flex-start}.elementor-widget-image-box.elementor-vertical-align-middle .elementor-image-box-wrapper{align-items:center}.elementor-widget-image-box.elementor-vertical-align-bottom .elementor-image-box-wrapper{align-items:flex-end}}@media (max-width:767px){.elementor-widget-image-box .elementor-image-box-img{margin-left:auto!important;margin-right:auto!important;margin-bottom:15px}}.elementor-widget-image-box .elementor-image-box-img{display:inline-block}.elementor-widget-image-box .elementor-image-box-title a{color:inherit}.elementor-widget-image-box .elementor-image-box-wrapper{text-align:center}.elementor-widget-image-box .elementor-image-box-description{margin:0}<\/style>\n<h2>QUIENES SOMOS<\/h2>\n<p>A\u00f1o con a\u00f1o nos hemos convertido en parte del estilo de vida de muchas personas, ya que en OXXO nos preocupamos por brindar una amplia oferta de productos y servicios que les sean \u00fatiles y pr\u00e1cticos para su vida diaria.<\/p>\n<p>\t\t\t<a role=\"button\"><br \/>\n\t\t\t\t\t\tcompra ahora<br \/>\n\t\t\t\t\t<\/a><\/p>\n<figure class='gallery-item'>\n\t\t\t\t<img width=\"600\" height=\"338\" src=\"http:\/\/oxxo.iamgloria.com\/wp-content\/uploads\/2023\/10\/3988ef6eb76a4a3aef2299092510f949.png\" alt=\"\" decoding=\"async\" loading=\"lazy\" srcset=\"https:\/\/oxxo.iamgloria.com\/wp-content\/uploads\/2023\/10\/3988ef6eb76a4a3aef2299092510f949.png 600w, https:\/\/oxxo.iamgloria.com\/wp-content\/uploads\/2023\/10\/3988ef6eb76a4a3aef2299092510f949-300x169.png 300w\" sizes=\"(max-width: 600px) 100vw, 600px\" \/><br \/>\n\t\t\t<\/figure>\n<figure class='gallery-item'>\n\t\t\t\t<img width=\"600\" height=\"338\" src=\"http:\/\/oxxo.iamgloria.com\/wp-content\/uploads\/2023\/10\/9b364fdab9f521c8d64fe9ef38c73881.png\" alt=\"\" decoding=\"async\" loading=\"lazy\" srcset=\"https:\/\/oxxo.iamgloria.com\/wp-content\/uploads\/2023\/10\/9b364fdab9f521c8d64fe9ef38c73881.png 600w, https:\/\/oxxo.iamgloria.com\/wp-content\/uploads\/2023\/10\/9b364fdab9f521c8d64fe9ef38c73881-300x169.png 300w\" sizes=\"(max-width: 600px) 100vw, 600px\" \/><br \/>\n\t\t\t<\/figure>\n<figure><img decoding=\"async\" width=\"120\" height=\"120\" src=\"http:\/\/oxxo.iamgloria.com\/wp-content\/uploads\/2018\/12\/globe-free-img.png\" alt=\"\" loading=\"lazy\" \/><\/figure>\n<h5>Env\u00edo de dinero internacional<\/h5>\n<p>S\u00f3lo trae tu recibo, estado de cuenta o referencia y \u00a1listo! Recibimos todos tus pagos, algunos hasta despu\u00e9s de vencidos.<\/p>\n<figure><img decoding=\"async\" width=\"512\" height=\"512\" src=\"http:\/\/oxxo.iamgloria.com\/wp-content\/uploads\/2023\/10\/2126961.png\" alt=\"\" loading=\"lazy\" \/><\/figure>\n<h5>Paqueteria<\/h5>\n<p>En OXXO puedes recoger todas tus compras de Amazon y Estafeta\n<\/p>\n<figure><img decoding=\"async\" width=\"120\" height=\"120\" src=\"http:\/\/oxxo.iamgloria.com\/wp-content\/uploads\/2018\/12\/tag-free-img.png\" alt=\"\" loading=\"lazy\" \/><\/figure>\n<h5>Tarjetas de regalo<\/h5>\n<p>En OXXO tenemos la mejor variedad de tarjetas de regalo.<\/p>\n<figure><img decoding=\"async\" width=\"512\" height=\"512\" src=\"http:\/\/oxxo.iamgloria.com\/wp-content\/uploads\/2023\/10\/73552.png\" alt=\"\" loading=\"lazy\" \/><\/figure>\n<h5>Telefon\u00eda<\/h5>\n<p>Traemos para ti los mejores equipos celulares; el que m\u00e1s se adec\u00fae a tus necesidades.<\/p>\n","protected":false},"excerpt":{"rendered":"<p>QUIENES SOMOS A\u00f1o con a\u00f1o nos hemos convertido en parte del estilo de vida de muchas personas, ya que en OXXO nos preocupamos por brindar una amplia oferta de productos y servicios que les sean \u00fatiles y pr\u00e1cticos para su vida diaria. compra ahora Env\u00edo de dinero internacional S\u00f3lo trae tu recibo, estado de cuenta &hellip;<\/p>\n<p class=\"read-more\"> <a class=\"\" href=\"https:\/\/oxxo.iamgloria.com\/\"> <span class=\"screen-reader-text\">Home<\/span> Read More &raquo;<\/a><\/p>\n","protected":false},"author":1,"featured_media":0,"parent":0,"menu_order":0,"comment_status":"closed","ping_status":"closed","template":"","meta":{"site-sidebar-layout":"no-sidebar","site-content-layout":"page-builder","ast-site-content-layout":"full-width-container","site-content-style":"unboxed","site-sidebar-style":"unboxed","ast-global-header-display":"","ast-banner-title-visibility":"","ast-main-header-display":"","ast-hfb-above-header-display":"","ast-hfb-below-header-display":"","ast-hfb-mobile-header-display":"","site-post-title":"disabled","ast-breadcrumbs-content":"","ast-featured-img":"disabled","footer-sml-layout":"","theme-transparent-header-meta":"enabled","adv-header-id-meta":"","stick-header-meta":"","header-above-stick-meta":"","header-main-stick-meta":"","header-below-stick-meta":"","astra-migrate-meta-layouts":"set","ast-page-background-enabled":"default","ast-page-background-meta":{"desktop":{"background-color":"","background-image":"","background-repeat":"repeat","background-position":"center center","background-size":"auto","background-attachment":"scroll","background-type":"","background-media":"","overlay-type":"","overlay-color":"","overlay-gradient":""},"tablet":{"background-color":"","background-image":"","background-repeat":"repeat","background-position":"center center","background-size":"auto","background-attachment":"scroll","background-type":"","background-media":"","overlay-type":"","overlay-color":"","overlay-gradient":""},"mobile":{"background-color":"","background-image":"","background-repeat":"repeat","background-position":"center center","background-size":"auto","background-attachment":"scroll","background-type":"","background-media":"","overlay-type":"","overlay-color":"","overlay-gradient":""}},"ast-content-background-meta":{"desktop":{"background-color":"var(--ast-global-color-5)","background-image":"","background-repeat":"repeat","background-position":"center center","background-size":"auto","background-attachment":"scroll","background-type":"","background-media":"","overlay-type":"","overlay-color":"","overlay-gradient":""},"tablet":{"background-color":"var(--ast-global-color-5)","background-image":"","background-repeat":"repeat","background-position":"center center","background-size":"auto","background-attachment":"scroll","background-type":"","background-media":"","overlay-type":"","overlay-color":"","overlay-gradient":""},"mobile":{"background-color":"var(--ast-global-color-5)","background-image":"","background-repeat":"repeat","background-position":"center center","background-size":"auto","background-attachment":"scroll","background-type":"","background-media":"","overlay-type":"","overlay-color":"","overlay-gradient":""}},"footnotes":""},"class_list":["post-4387","page","type-page","status-publish","hentry"],"_links":{"self":[{"href":"https:\/\/oxxo.iamgloria.com\/index.php\/wp-json\/wp\/v2\/pages\/4387"}],"collection":[{"href":"https:\/\/oxxo.iamgloria.com\/index.php\/wp-json\/wp\/v2\/pages"}],"about":[{"href":"https:\/\/oxxo.iamgloria.com\/index.php\/wp-json\/wp\/v2\/types\/page"}],"author":[{"embeddable":true,"href":"https:\/\/oxxo.iamgloria.com\/index.php\/wp-json\/wp\/v2\/users\/1"}],"replies":[{"embeddable":true,"href":"https:\/\/oxxo.iamgloria.com\/index.php\/wp-json\/wp\/v2\/comments?post=4387"}],"version-history":[{"count":92,"href":"https:\/\/oxxo.iamgloria.com\/index.php\/wp-json\/wp\/v2\/pages\/4387\/revisions"}],"predecessor-version":[{"id":4583,"href":"https:\/\/oxxo.iamgloria.com\/index.php\/wp-json\/wp\/v2\/pages\/4387\/revisions\/4583"}],"wp:attachment":[{"href":"https:\/\/oxxo.iamgloria.com\/index.php\/wp-json\/wp\/v2\/media?parent=4387"}],"curies":[{"name":"wp","href":"https:\/\/api.w.org\/{rel}","templated":true}]}}